{"id":1994,"date":"2018-02-27T09:28:25","date_gmt":"2018-02-27T09:28:25","guid":{"rendered":"http:\/\/relaistoscana.com\/who-we-are\/"},"modified":"2018-06-18T12:48:36","modified_gmt":"2018-06-18T12:48:36","slug":"chi-siamo","status":"publish","type":"page","link":"https:\/\/www.relaistoscana.com\/it\/chi-siamo\/","title":{"rendered":"Chi Siamo"},"content":{"rendered":"","protected":false},"excerpt":{"rendered":"","protected":false},"author":1,"featured_media":1393,"parent":0,"menu_order":0,"comment_status":"closed","ping_status":"closed","template":"template-about.php","meta":{"_acf_changed":false,"footnotes":""},"class_list":["post-1994","page","type-page","status-publish","has-post-thumbnail","hentry"],"acf":[],"yoast_head":"<!-- This site is optimized with the Yoast SEO plugin v25.5 - https:\/\/yoast.com\/wordpress\/plugins\/seo\/ -->\n<title>Portale Turistico per Hotel e Agriturismi di Lusso in Toscana<\/title>\n<meta name=\"description\" content=\"Relais Toscana \u00e8 la collezione pi\u00f9 esclusiva degli hotel e dimore della regione. Il progetto \u00e8 ideato e sviluppato dalla Web Marketing Agency Secret Key.\" \/>\n<meta name=\"robots\" content=\"index, follow, max-snippet:-1, max-image-preview:large, max-video-preview:-1\" \/>\n<link rel=\"canonical\" href=\"https:\/\/www.relaistoscana.com\/it\/chi-siamo\/\" \/>\n<meta property=\"og:locale\" content=\"it_IT\" \/>\n<meta property=\"og:type\" content=\"article\" \/>\n<meta property=\"og:title\" content=\"Portale Turistico per Hotel e Agriturismi di Lusso in Toscana\" \/>\n<meta property=\"og:description\" content=\"Relais Toscana \u00e8 la collezione pi\u00f9 esclusiva degli hotel e dimore della regione. Il progetto \u00e8 ideato e sviluppato dalla Web Marketing Agency Secret Key.\" \/>\n<meta property=\"og:url\" content=\"https:\/\/www.relaistoscana.com\/it\/chi-siamo\/\" \/>\n<meta property=\"og:site_name\" content=\"Relais Toscana\" \/>\n<meta property=\"article:modified_time\" content=\"2018-06-18T12:48:36+00:00\" \/>\n<meta property=\"og:image\" content=\"https:\/\/www.relaistoscana.com\/wp-content\/uploads\/2018\/05\/Chianti-2-1-1.jpeg\" \/>\n\t<meta property=\"og:image:width\" content=\"1599\" \/>\n\t<meta property=\"og:image:height\" content=\"432\" \/>\n\t<meta property=\"og:image:type\" content=\"image\/jpeg\" \/>\n<meta name=\"twitter:card\" content=\"summary_large_image\" \/>\n<script type=\"application\/ld+json\" class=\"yoast-schema-graph\">{\"@context\":\"https:\/\/schema.org\",\"@graph\":[{\"@type\":\"WebPage\",\"@id\":\"https:\/\/www.relaistoscana.com\/it\/chi-siamo\/\",\"url\":\"https:\/\/www.relaistoscana.com\/it\/chi-siamo\/\",\"name\":\"Portale Turistico per Hotel e Agriturismi di Lusso in Toscana\",\"isPartOf\":{\"@id\":\"https:\/\/www.relaistoscana.com\/#website\"},\"primaryImageOfPage\":{\"@id\":\"https:\/\/www.relaistoscana.com\/it\/chi-siamo\/#primaryimage\"},\"image\":{\"@id\":\"https:\/\/www.relaistoscana.com\/it\/chi-siamo\/#primaryimage\"},\"thumbnailUrl\":\"https:\/\/www.relaistoscana.com\/wp-content\/uploads\/2018\/05\/Chianti-2-1-1.jpeg\",\"datePublished\":\"2018-02-27T09:28:25+00:00\",\"dateModified\":\"2018-06-18T12:48:36+00:00\",\"description\":\"Relais Toscana \u00e8 la collezione pi\u00f9 esclusiva degli hotel e dimore della regione. Il progetto \u00e8 ideato e sviluppato dalla Web Marketing Agency Secret Key.\",\"breadcrumb\":{\"@id\":\"https:\/\/www.relaistoscana.com\/it\/chi-siamo\/#breadcrumb\"},\"inLanguage\":\"it-IT\",\"potentialAction\":[{\"@type\":\"ReadAction\",\"target\":[\"https:\/\/www.relaistoscana.com\/it\/chi-siamo\/\"]}]},{\"@type\":\"ImageObject\",\"inLanguage\":\"it-IT\",\"@id\":\"https:\/\/www.relaistoscana.com\/it\/chi-siamo\/#primaryimage\",\"url\":\"https:\/\/www.relaistoscana.com\/wp-content\/uploads\/2018\/05\/Chianti-2-1-1.jpeg\",\"contentUrl\":\"https:\/\/www.relaistoscana.com\/wp-content\/uploads\/2018\/05\/Chianti-2-1-1.jpeg\",\"width\":1599,\"height\":432,\"caption\":\"Beautiful landscape of Vineyards in Tuscany. Chianti region in summer season. Italy.\"},{\"@type\":\"BreadcrumbList\",\"@id\":\"https:\/\/www.relaistoscana.com\/it\/chi-siamo\/#breadcrumb\",\"itemListElement\":[{\"@type\":\"ListItem\",\"position\":1,\"name\":\"Home\",\"item\":\"https:\/\/www.relaistoscana.com\/it\/\"},{\"@type\":\"ListItem\",\"position\":2,\"name\":\"Chi Siamo\"}]},{\"@type\":\"WebSite\",\"@id\":\"https:\/\/www.relaistoscana.com\/#website\",\"url\":\"https:\/\/www.relaistoscana.com\/\",\"name\":\"Relais Toscana\",\"description\":\"\",\"potentialAction\":[{\"@type\":\"SearchAction\",\"target\":{\"@type\":\"EntryPoint\",\"urlTemplate\":\"https:\/\/www.relaistoscana.com\/?s={search_term_string}\"},\"query-input\":{\"@type\":\"PropertyValueSpecification\",\"valueRequired\":true,\"valueName\":\"search_term_string\"}}],\"inLanguage\":\"it-IT\"}]}<\/script>\n<!-- \/ Yoast SEO plugin. -->","yoast_head_json":{"title":"Portale Turistico per Hotel e Agriturismi di Lusso in Toscana","description":"Relais Toscana \u00e8 la collezione pi\u00f9 esclusiva degli hotel e dimore della regione. Il progetto \u00e8 ideato e sviluppato dalla Web Marketing Agency Secret Key.","robots":{"index":"index","follow":"follow","max-snippet":"max-snippet:-1","max-image-preview":"max-image-preview:large","max-video-preview":"max-video-preview:-1"},"canonical":"https:\/\/www.relaistoscana.com\/it\/chi-siamo\/","og_locale":"it_IT","og_type":"article","og_title":"Portale Turistico per Hotel e Agriturismi di Lusso in Toscana","og_description":"Relais Toscana \u00e8 la collezione pi\u00f9 esclusiva degli hotel e dimore della regione. Il progetto \u00e8 ideato e sviluppato dalla Web Marketing Agency Secret Key.","og_url":"https:\/\/www.relaistoscana.com\/it\/chi-siamo\/","og_site_name":"Relais Toscana","article_modified_time":"2018-06-18T12:48:36+00:00","og_image":[{"width":1599,"height":432,"url":"https:\/\/www.relaistoscana.com\/wp-content\/uploads\/2018\/05\/Chianti-2-1-1.jpeg","type":"image\/jpeg"}],"twitter_card":"summary_large_image","schema":{"@context":"https:\/\/schema.org","@graph":[{"@type":"WebPage","@id":"https:\/\/www.relaistoscana.com\/it\/chi-siamo\/","url":"https:\/\/www.relaistoscana.com\/it\/chi-siamo\/","name":"Portale Turistico per Hotel e Agriturismi di Lusso in Toscana","isPartOf":{"@id":"https:\/\/www.relaistoscana.com\/#website"},"primaryImageOfPage":{"@id":"https:\/\/www.relaistoscana.com\/it\/chi-siamo\/#primaryimage"},"image":{"@id":"https:\/\/www.relaistoscana.com\/it\/chi-siamo\/#primaryimage"},"thumbnailUrl":"https:\/\/www.relaistoscana.com\/wp-content\/uploads\/2018\/05\/Chianti-2-1-1.jpeg","datePublished":"2018-02-27T09:28:25+00:00","dateModified":"2018-06-18T12:48:36+00:00","description":"Relais Toscana \u00e8 la collezione pi\u00f9 esclusiva degli hotel e dimore della regione. Il progetto \u00e8 ideato e sviluppato dalla Web Marketing Agency Secret Key.","breadcrumb":{"@id":"https:\/\/www.relaistoscana.com\/it\/chi-siamo\/#breadcrumb"},"inLanguage":"it-IT","potentialAction":[{"@type":"ReadAction","target":["https:\/\/www.relaistoscana.com\/it\/chi-siamo\/"]}]},{"@type":"ImageObject","inLanguage":"it-IT","@id":"https:\/\/www.relaistoscana.com\/it\/chi-siamo\/#primaryimage","url":"https:\/\/www.relaistoscana.com\/wp-content\/uploads\/2018\/05\/Chianti-2-1-1.jpeg","contentUrl":"https:\/\/www.relaistoscana.com\/wp-content\/uploads\/2018\/05\/Chianti-2-1-1.jpeg","width":1599,"height":432,"caption":"Beautiful landscape of Vineyards in Tuscany. Chianti region in summer season. Italy."},{"@type":"BreadcrumbList","@id":"https:\/\/www.relaistoscana.com\/it\/chi-siamo\/#breadcrumb","itemListElement":[{"@type":"ListItem","position":1,"name":"Home","item":"https:\/\/www.relaistoscana.com\/it\/"},{"@type":"ListItem","position":2,"name":"Chi Siamo"}]},{"@type":"WebSite","@id":"https:\/\/www.relaistoscana.com\/#website","url":"https:\/\/www.relaistoscana.com\/","name":"Relais Toscana","description":"","potentialAction":[{"@type":"SearchAction","target":{"@type":"EntryPoint","urlTemplate":"https:\/\/www.relaistoscana.com\/?s={search_term_string}"},"query-input":{"@type":"PropertyValueSpecification","valueRequired":true,"valueName":"search_term_string"}}],"inLanguage":"it-IT"}]}},"publishpress_future_action":{"enabled":false,"date":"2026-05-04 02:30:32","action":"change-status","newStatus":"draft","terms":[],"taxonomy":"translation_priority"},"publishpress_future_workflow_manual_trigger":{"enabledWorkflows":[]},"_links":{"self":[{"href":"https:\/\/www.relaistoscana.com\/it\/wp-json\/wp\/v2\/pages\/1994","targetHints":{"allow":["GET"]}}],"collection":[{"href":"https:\/\/www.relaistoscana.com\/it\/wp-json\/wp\/v2\/pages"}],"about":[{"href":"https:\/\/www.relaistoscana.com\/it\/wp-json\/wp\/v2\/types\/page"}],"author":[{"embeddable":true,"href":"https:\/\/www.relaistoscana.com\/it\/wp-json\/wp\/v2\/users\/1"}],"replies":[{"embeddable":true,"href":"https:\/\/www.relaistoscana.com\/it\/wp-json\/wp\/v2\/comments?post=1994"}],"version-history":[{"count":3,"href":"https:\/\/www.relaistoscana.com\/it\/wp-json\/wp\/v2\/pages\/1994\/revisions"}],"predecessor-version":[{"id":2138,"href":"https:\/\/www.relaistoscana.com\/it\/wp-json\/wp\/v2\/pages\/1994\/revisions\/2138"}],"wp:featuredmedia":[{"embeddable":true,"href":"https:\/\/www.relaistoscana.com\/it\/wp-json\/wp\/v2\/media\/1393"}],"wp:attachment":[{"href":"https:\/\/www.relaistoscana.com\/it\/wp-json\/wp\/v2\/media?parent=1994"}],"curies":[{"name":"wp","href":"https:\/\/api.w.org\/{rel}","templated":true}]}}